{"id":244,"date":"2025-10-07T19:46:46","date_gmt":"2025-10-07T19:46:46","guid":{"rendered":"https:\/\/arqco1816.com\/?page_id=244"},"modified":"2026-03-16T19:41:49","modified_gmt":"2026-03-16T19:41:49","slug":"servicios","status":"publish","type":"page","link":"https:\/\/arqco1816.com\/index.php\/servicios\/","title":{"rendered":"Servicios"},"content":{"rendered":"\t\t<div data-elementor-type=\"wp-page\" data-elementor-id=\"244\" class=\"elementor elementor-244\" data-elementor-post-type=\"page\">\n\t\t\t\t<div class=\"elementor-element elementor-element-9d2d219 e-con-full e-flex e-con e-parent\" data-id=\"9d2d219\" data-element_type=\"container\" data-settings=\"{&quot;background_background&quot;:&quot;classic&quot;}\">\n\t\t\t\t<div class=\"elementor-element elementor-element-5650b17 elementor-widget__width-inherit elementor-widget elementor-widget-heading\" data-id=\"5650b17\" data-element_type=\"widget\" data-widget_type=\"heading.default\">\n\t\t\t\t\t<h1 class=\"elementor-heading-title elementor-size-default\">SERVICIOS<\/h1>\t\t\t\t<\/div>\n\t\t\t\t<\/div>\n\t\t<div class=\"elementor-element elementor-element-3f61f82 e-con-full e-flex e-con e-parent\" data-id=\"3f61f82\" data-element_type=\"container\">\n\t\t<div class=\"elementor-element elementor-element-bb0623a e-con-full card-wrapper e-flex e-con e-child\" data-id=\"bb0623a\" data-element_type=\"container\" data-settings=\"{&quot;background_background&quot;:&quot;classic&quot;}\">\n\t\t<div class=\"elementor-element elementor-element-6e5f40b e-con-full card-content e-flex e-con e-child\" data-id=\"6e5f40b\" data-element_type=\"container\">\n\t\t\t\t<div class=\"elementor-element elementor-element-5586fbe elementor-widget elementor-widget-heading\" data-id=\"5586fbe\" data-element_type=\"widget\" data-widget_type=\"heading.default\">\n\t\t\t\t\t<h1 class=\"elementor-heading-title elementor-size-default\">Construcci\u00f3n<\/h1>\t\t\t\t<\/div>\n\t\t\t\t<div class=\"elementor-element elementor-element-c293d62 elementor-widget elementor-widget-spacer\" data-id=\"c293d62\" data-element_type=\"widget\" data-widget_type=\"spacer.default\">\n\t\t\t\t\t\t\t<div class=\"elementor-spacer\">\n\t\t\t<div class=\"elementor-spacer-inner\"><\/div>\n\t\t<\/div>\n\t\t\t\t\t\t<\/div>\n\t\t\t\t<div class=\"elementor-element elementor-element-51ea2be elementor-widget elementor-widget-text-editor\" data-id=\"51ea2be\" data-element_type=\"widget\" data-widget_type=\"text-editor.default\">\n\t\t\t\t\t\t\t\t\t<p>Construcci\u00f3n Industrial, Comercial, Educativo, Institucional, P\u00fablica, Privada y Rehabilitaci\u00f3n y mantenimiento general.<\/p>\t\t\t\t\t\t\t\t<\/div>\n\t\t\t\t<\/div>\n\t\t\t\t<\/div>\n\t\t<div class=\"elementor-element elementor-element-87bb461 e-con-full card-wrapper e-flex e-con e-child\" data-id=\"87bb461\" data-element_type=\"container\" data-settings=\"{&quot;background_background&quot;:&quot;classic&quot;}\">\n\t\t<div class=\"elementor-element elementor-element-a7a3591 e-con-full card-content e-flex e-con e-child\" data-id=\"a7a3591\" data-element_type=\"container\">\n\t\t\t\t<div class=\"elementor-element elementor-element-790d44b elementor-widget elementor-widget-heading\" data-id=\"790d44b\" data-element_type=\"widget\" data-widget_type=\"heading.default\">\n\t\t\t\t\t<h1 class=\"elementor-heading-title elementor-size-default\">Desarrollo Habitacional<\/h1>\t\t\t\t<\/div>\n\t\t\t\t<div class=\"elementor-element elementor-element-d430cea elementor-widget elementor-widget-spacer\" data-id=\"d430cea\" data-element_type=\"widget\" data-widget_type=\"spacer.default\">\n\t\t\t\t\t\t\t<div class=\"elementor-spacer\">\n\t\t\t<div class=\"elementor-spacer-inner\"><\/div>\n\t\t<\/div>\n\t\t\t\t\t\t<\/div>\n\t\t\t\t<div class=\"elementor-element elementor-element-e08b667 elementor-widget elementor-widget-text-editor\" data-id=\"e08b667\" data-element_type=\"widget\" data-widget_type=\"text-editor.default\">\n\t\t\t\t\t\t\t\t\t<p>Desarrollo habitacional p\u00fablico y casa habitaci\u00f3n privada.<\/p>\t\t\t\t\t\t\t\t<\/div>\n\t\t\t\t<\/div>\n\t\t\t\t<\/div>\n\t\t<div class=\"elementor-element elementor-element-4a24c8e e-con-full card-wrapper e-flex e-con e-child\" data-id=\"4a24c8e\" data-element_type=\"container\" data-settings=\"{&quot;background_background&quot;:&quot;classic&quot;}\">\n\t\t<div class=\"elementor-element elementor-element-36610cf e-con-full card-content e-flex e-con e-child\" data-id=\"36610cf\" data-element_type=\"container\">\n\t\t\t\t<div class=\"elementor-element elementor-element-5385305 elementor-widget elementor-widget-heading\" data-id=\"5385305\" data-element_type=\"widget\" data-widget_type=\"heading.default\">\n\t\t\t\t\t<h1 class=\"elementor-heading-title elementor-size-default\">Urbanizaci\u00f3n<\/h1>\t\t\t\t<\/div>\n\t\t\t\t<div class=\"elementor-element elementor-element-b532211 elementor-widget elementor-widget-spacer\" data-id=\"b532211\" data-element_type=\"widget\" data-widget_type=\"spacer.default\">\n\t\t\t\t\t\t\t<div class=\"elementor-spacer\">\n\t\t\t<div class=\"elementor-spacer-inner\"><\/div>\n\t\t<\/div>\n\t\t\t\t\t\t<\/div>\n\t\t\t\t<div class=\"elementor-element elementor-element-817355c elementor-widget elementor-widget-text-editor\" data-id=\"817355c\" data-element_type=\"widget\" data-widget_type=\"text-editor.default\">\n\t\t\t\t\t\t\t\t\t<p>Obra civil, V\u00edas Terrestres (terracer\u00edas, pavimentos, movimientos de tierras), Construcci\u00f3n de equipamiento urbano.<\/p>\t\t\t\t\t\t\t\t<\/div>\n\t\t\t\t<\/div>\n\t\t\t\t<\/div>\n\t\t\t\t<\/div>\n\t\t<div class=\"elementor-element elementor-element-b3c678a e-con-full e-flex e-con e-parent\" data-id=\"b3c678a\" data-element_type=\"container\">\n\t\t<div class=\"elementor-element elementor-element-3af0d55 e-con-full card-wrapper e-flex e-con e-child\" data-id=\"3af0d55\" data-element_type=\"container\" data-settings=\"{&quot;background_background&quot;:&quot;classic&quot;}\">\n\t\t<div class=\"elementor-element elementor-element-ce188a8 e-con-full card-content e-flex e-con e-child\" data-id=\"ce188a8\" data-element_type=\"container\">\n\t\t\t\t<div class=\"elementor-element elementor-element-010211e elementor-widget elementor-widget-heading\" data-id=\"010211e\" data-element_type=\"widget\" data-widget_type=\"heading.default\">\n\t\t\t\t\t<h1 class=\"elementor-heading-title elementor-size-default\">Obras pluviales<\/h1>\t\t\t\t<\/div>\n\t\t\t\t<div class=\"elementor-element elementor-element-02e3dba elementor-widget elementor-widget-spacer\" data-id=\"02e3dba\" data-element_type=\"widget\" data-widget_type=\"spacer.default\">\n\t\t\t\t\t\t\t<div class=\"elementor-spacer\">\n\t\t\t<div class=\"elementor-spacer-inner\"><\/div>\n\t\t<\/div>\n\t\t\t\t\t\t<\/div>\n\t\t\t\t<div class=\"elementor-element elementor-element-7bc2936 elementor-widget elementor-widget-text-editor\" data-id=\"7bc2936\" data-element_type=\"widget\" data-widget_type=\"text-editor.default\">\n\t\t\t\t\t\t\t\t\t<p>Obras hidr\u00e1ulicas y pluviales, Obras de edificaci\u00f3n, Obras m\u00e9canicas e instalaciones especiales.<\/p>\t\t\t\t\t\t\t\t<\/div>\n\t\t\t\t<\/div>\n\t\t\t\t<\/div>\n\t\t<div class=\"elementor-element elementor-element-d699495 e-con-full card-wrapper e-flex e-con e-child\" data-id=\"d699495\" data-element_type=\"container\" data-settings=\"{&quot;background_background&quot;:&quot;classic&quot;}\">\n\t\t<div class=\"elementor-element elementor-element-d2b8d6f e-con-full card-content e-flex e-con e-child\" data-id=\"d2b8d6f\" data-element_type=\"container\">\n\t\t\t\t<div class=\"elementor-element elementor-element-b18c4b6 elementor-widget elementor-widget-heading\" data-id=\"b18c4b6\" data-element_type=\"widget\" data-widget_type=\"heading.default\">\n\t\t\t\t\t<h1 class=\"elementor-heading-title elementor-size-default\">Electricidad<\/h1>\t\t\t\t<\/div>\n\t\t\t\t<div class=\"elementor-element elementor-element-3abba87 elementor-widget elementor-widget-spacer\" data-id=\"3abba87\" data-element_type=\"widget\" data-widget_type=\"spacer.default\">\n\t\t\t\t\t\t\t<div class=\"elementor-spacer\">\n\t\t\t<div class=\"elementor-spacer-inner\"><\/div>\n\t\t<\/div>\n\t\t\t\t\t\t<\/div>\n\t\t\t\t<div class=\"elementor-element elementor-element-cea3a15 elementor-widget elementor-widget-text-editor\" data-id=\"cea3a15\" data-element_type=\"widget\" data-widget_type=\"text-editor.default\">\n\t\t\t\t\t\t\t\t\t<p>Instalaciones \u00c9lectricas, residencial, oficina o industrial, en alta, media o baja tensi\u00f3n y Instalaciones de electrom\u00e9canica.<\/p>\t\t\t\t\t\t\t\t<\/div>\n\t\t\t\t<\/div>\n\t\t\t\t<\/div>\n\t\t<div class=\"elementor-element elementor-element-ee905f2 e-con-full card-wrapper e-flex e-con e-child\" data-id=\"ee905f2\" data-element_type=\"container\" data-settings=\"{&quot;background_background&quot;:&quot;classic&quot;}\">\n\t\t<div class=\"elementor-element elementor-element-5824f4f e-con-full card-content e-flex e-con e-child\" data-id=\"5824f4f\" data-element_type=\"container\">\n\t\t\t\t<div class=\"elementor-element elementor-element-5c9e19d elementor-widget elementor-widget-heading\" data-id=\"5c9e19d\" data-element_type=\"widget\" data-widget_type=\"heading.default\">\n\t\t\t\t\t<h1 class=\"elementor-heading-title elementor-size-default\">Acabados<\/h1>\t\t\t\t<\/div>\n\t\t\t\t<div class=\"elementor-element elementor-element-8911ec9 elementor-widget elementor-widget-spacer\" data-id=\"8911ec9\" data-element_type=\"widget\" data-widget_type=\"spacer.default\">\n\t\t\t\t\t\t\t<div class=\"elementor-spacer\">\n\t\t\t<div class=\"elementor-spacer-inner\"><\/div>\n\t\t<\/div>\n\t\t\t\t\t\t<\/div>\n\t\t\t\t<div class=\"elementor-element elementor-element-1b3c443 elementor-widget elementor-widget-text-editor\" data-id=\"1b3c443\" data-element_type=\"widget\" data-widget_type=\"text-editor.default\">\n\t\t\t\t\t\t\t\t\t<p>Carpinter\u00eda, Herrer\u00eda, Aluminio, Acero inoxidable.<\/p>\t\t\t\t\t\t\t\t<\/div>\n\t\t\t\t<\/div>\n\t\t\t\t<\/div>\n\t\t\t\t<\/div>\n\t\t<div class=\"elementor-element elementor-element-c5aa141 e-flex e-con-boxed e-con e-parent\" data-id=\"c5aa141\" data-element_type=\"container\" data-settings=\"{&quot;background_background&quot;:&quot;classic&quot;}\">\n\t\t\t\t\t<div class=\"e-con-inner\">\n\t\t\t\t<div class=\"elementor-element elementor-element-03c1f0d elementor-widget elementor-widget-image\" data-id=\"03c1f0d\" data-element_type=\"widget\" data-widget_type=\"image.default\">\n\t\t\t\t\t\t\t\t\t\t\t\t\t\t\t<img fetchpriority=\"high\" decoding=\"async\" width=\"1024\" height=\"1024\" src=\"https:\/\/arqco1816.com\/wp-content\/uploads\/2025\/10\/Imagenes-web-1-1024x1024.png\" class=\"attachment-large size-large wp-image-118\" alt=\"\" srcset=\"https:\/\/arqco1816.com\/wp-content\/uploads\/2025\/10\/Imagenes-web-1-1024x1024.png 1024w, https:\/\/arqco1816.com\/wp-content\/uploads\/2025\/10\/Imagenes-web-1-300x300.png 300w, https:\/\/arqco1816.com\/wp-content\/uploads\/2025\/10\/Imagenes-web-1-150x150.png 150w, https:\/\/arqco1816.com\/wp-content\/uploads\/2025\/10\/Imagenes-web-1-768x768.png 768w, https:\/\/arqco1816.com\/wp-content\/uploads\/2025\/10\/Imagenes-web-1.png 1080w\" sizes=\"(max-width: 1024px) 100vw, 1024px\" \/>\t\t\t\t\t\t\t\t\t\t\t\t\t\t\t<\/div>\n\t\t\t\t<div class=\"elementor-element elementor-element-991a599 elementor-shape-rounded elementor-grid-0 e-grid-align-center elementor-widget elementor-widget-social-icons\" data-id=\"991a599\" data-element_type=\"widget\" data-widget_type=\"social-icons.default\">\n\t\t\t\t\t\t\t<div class=\"elementor-social-icons-wrapper elementor-grid\" role=\"list\">\n\t\t\t\t\t\t\t<span class=\"elementor-grid-item\" role=\"listitem\">\n\t\t\t\t\t<a class=\"elementor-icon elementor-social-icon elementor-social-icon-facebook elementor-repeater-item-f7967a9\" href=\"https:\/\/www.facebook.com\/share\/1GCqXCTUJw\/\" target=\"_blank\">\n\t\t\t\t\t\t<span class=\"elementor-screen-only\">Facebook<\/span>\n\t\t\t\t\t\t<svg aria-hidden=\"true\" class=\"e-font-icon-svg e-fab-facebook\" viewBox=\"0 0 512 512\" xmlns=\"http:\/\/www.w3.org\/2000\/svg\"><path d=\"M504 256C504 119 393 8 256 8S8 119 8 256c0 123.78 90.69 226.38 209.25 245V327.69h-63V256h63v-54.64c0-62.15 37-96.48 93.67-96.48 27.14 0 55.52 4.84 55.52 4.84v61h-31.28c-30.8 0-40.41 19.12-40.41 38.73V256h68.78l-11 71.69h-57.78V501C413.31 482.38 504 379.78 504 256z\"><\/path><\/svg>\t\t\t\t\t<\/a>\n\t\t\t\t<\/span>\n\t\t\t\t\t\t\t<span class=\"elementor-grid-item\" role=\"listitem\">\n\t\t\t\t\t<a class=\"elementor-icon elementor-social-icon elementor-social-icon-instagram elementor-repeater-item-767f2b6\" href=\"https:\/\/www.instagram.com\/arqco1816\/\" target=\"_blank\">\n\t\t\t\t\t\t<span class=\"elementor-screen-only\">Instagram<\/span>\n\t\t\t\t\t\t<svg aria-hidden=\"true\" class=\"e-font-icon-svg e-fab-instagram\" viewBox=\"0 0 448 512\" xmlns=\"http:\/\/www.w3.org\/2000\/svg\"><path d=\"M224.1 141c-63.6 0-114.9 51.3-114.9 114.9s51.3 114.9 114.9 114.9S339 319.5 339 255.9 287.7 141 224.1 141zm0 189.6c-41.1 0-74.7-33.5-74.7-74.7s33.5-74.7 74.7-74.7 74.7 33.5 74.7 74.7-33.6 74.7-74.7 74.7zm146.4-194.3c0 14.9-12 26.8-26.8 26.8-14.9 0-26.8-12-26.8-26.8s12-26.8 26.8-26.8 26.8 12 26.8 26.8zm76.1 27.2c-1.7-35.9-9.9-67.7-36.2-93.9-26.2-26.2-58-34.4-93.9-36.2-37-2.1-147.9-2.1-184.9 0-35.8 1.7-67.6 9.9-93.9 36.1s-34.4 58-36.2 93.9c-2.1 37-2.1 147.9 0 184.9 1.7 35.9 9.9 67.7 36.2 93.9s58 34.4 93.9 36.2c37 2.1 147.9 2.1 184.9 0 35.9-1.7 67.7-9.9 93.9-36.2 26.2-26.2 34.4-58 36.2-93.9 2.1-37 2.1-147.8 0-184.8zM398.8 388c-7.8 19.6-22.9 34.7-42.6 42.6-29.5 11.7-99.5 9-132.1 9s-102.7 2.6-132.1-9c-19.6-7.8-34.7-22.9-42.6-42.6-11.7-29.5-9-99.5-9-132.1s-2.6-102.7 9-132.1c7.8-19.6 22.9-34.7 42.6-42.6 29.5-11.7 99.5-9 132.1-9s102.7-2.6 132.1 9c19.6 7.8 34.7 22.9 42.6 42.6 11.7 29.5 9 99.5 9 132.1s2.7 102.7-9 132.1z\"><\/path><\/svg>\t\t\t\t\t<\/a>\n\t\t\t\t<\/span>\n\t\t\t\t\t\t\t<span class=\"elementor-grid-item\" role=\"listitem\">\n\t\t\t\t\t<a class=\"elementor-icon elementor-social-icon elementor-social-icon-tiktok elementor-repeater-item-f7af1ce\" href=\"https:\/\/www.tiktok.com\/@arqco1816\" target=\"_blank\">\n\t\t\t\t\t\t<span class=\"elementor-screen-only\">Tiktok<\/span>\n\t\t\t\t\t\t<svg aria-hidden=\"true\" class=\"e-font-icon-svg e-fab-tiktok\" viewBox=\"0 0 448 512\" xmlns=\"http:\/\/www.w3.org\/2000\/svg\"><path d=\"M448,209.91a210.06,210.06,0,0,1-122.77-39.25V349.38A162.55,162.55,0,1,1,185,188.31V278.2a74.62,74.62,0,1,0,52.23,71.18V0l88,0a121.18,121.18,0,0,0,1.86,22.17h0A122.18,122.18,0,0,0,381,102.39a121.43,121.43,0,0,0,67,20.14Z\"><\/path><\/svg>\t\t\t\t\t<\/a>\n\t\t\t\t<\/span>\n\t\t\t\t\t<\/div>\n\t\t\t\t\t\t<\/div>\n\t\t\t\t<div class=\"elementor-element elementor-element-8278131 elementor-widget elementor-widget-heading\" data-id=\"8278131\" data-element_type=\"widget\" data-widget_type=\"heading.default\">\n\t\t\t\t\t<h6 class=\"elementor-heading-title elementor-size-default\">\u00a9 2025 Arq.co 1816 . Derechos reservados<\/h6>\t\t\t\t<\/div>\n\t\t\t\t\t<\/div>\n\t\t\t\t<\/div>\n\t\t\t\t<\/div>\n\t\t","protected":false},"excerpt":{"rendered":"<p>SERVICIOS Construcci\u00f3n Construcci\u00f3n Industrial, Comercial, Educativo, Institucional, P\u00fablica, Privada y Rehabilitaci\u00f3n y mantenimiento general. Desarrollo Habitacional Desarrollo habitacional p\u00fablico y [&hellip;]<\/p>\n","protected":false},"author":1,"featured_media":0,"parent":0,"menu_order":0,"comment_status":"closed","ping_status":"closed","template":"elementor_header_footer","meta":{"site-sidebar-layout":"no-sidebar","site-content-layout":"","ast-site-content-layout":"full-width-container","site-content-style":"default","site-sidebar-style":"default","ast-global-header-display":"","ast-banner-title-visibility":"","ast-main-header-display":"","ast-hfb-above-header-display":"","ast-hfb-below-header-display":"","ast-hfb-mobile-header-display":"","site-post-title":"","ast-breadcrumbs-content":"","ast-featured-img":"disabled","footer-sml-layout":"disabled","theme-transparent-header-meta":"","adv-header-id-meta":"","stick-header-meta":"","header-above-stick-meta":"","header-main-stick-meta":"","header-below-stick-meta":"","astra-migrate-meta-layouts":"default","ast-page-background-enabled":"default","ast-page-background-meta":{"desktop":{"background-color":"var(--ast-global-color-5)","background-image":"","background-repeat":"repeat","background-position":"center center","background-size":"auto","background-attachment":"scroll","background-type":"","background-media":"","overlay-type":"","overlay-color":"","overlay-opacity":"","overlay-gradient":""},"tablet":{"background-color":"","background-image":"","background-repeat":"repeat","background-position":"center center","background-size":"auto","background-attachment":"scroll","background-type":"","background-media":"","overlay-type":"","overlay-color":"","overlay-opacity":"","overlay-gradient":""},"mobile":{"background-color":"","background-image":"","background-repeat":"repeat","background-position":"center center","background-size":"auto","background-attachment":"scroll","background-type":"","background-media":"","overlay-type":"","overlay-color":"","overlay-opacity":"","overlay-gradient":""}},"ast-content-background-meta":{"desktop":{"background-color":"var(--ast-global-color-4)","background-image":"","background-repeat":"repeat","background-position":"center center","background-size":"auto","background-attachment":"scroll","background-type":"","background-media":"","overlay-type":"","overlay-color":"","overlay-opacity":"","overlay-gradient":""},"tablet":{"background-color":"var(--ast-global-color-4)","background-image":"","background-repeat":"repeat","background-position":"center center","background-size":"auto","background-attachment":"scroll","background-type":"","background-media":"","overlay-type":"","overlay-color":"","overlay-opacity":"","overlay-gradient":""},"mobile":{"background-color":"var(--ast-global-color-4)","background-image":"","background-repeat":"repeat","background-position":"center center","background-size":"auto","background-attachment":"scroll","background-type":"","background-media":"","overlay-type":"","overlay-color":"","overlay-opacity":"","overlay-gradient":""}},"footnotes":""},"class_list":["post-244","page","type-page","status-publish","hentry"],"yoast_head":"<!-- This site is optimized with the Yoast SEO plugin v26.0 - https:\/\/yoast.com\/wordpress\/plugins\/seo\/ -->\n<title>Servicios - Arqco<\/title>\n<meta name=\"robots\" content=\"index, follow, max-snippet:-1, max-image-preview:large, max-video-preview:-1\" \/>\n<link rel=\"canonical\" href=\"https:\/\/arqco1816.com\/index.php\/servicios\/\" \/>\n<meta property=\"og:locale\" content=\"es_ES\" \/>\n<meta property=\"og:type\" content=\"article\" \/>\n<meta property=\"og:title\" content=\"Servicios - Arqco\" \/>\n<meta property=\"og:description\" content=\"SERVICIOS Construcci\u00f3n Construcci\u00f3n Industrial, Comercial, Educativo, Institucional, P\u00fablica, Privada y Rehabilitaci\u00f3n y mantenimiento general. Desarrollo Habitacional Desarrollo habitacional p\u00fablico y [&hellip;]\" \/>\n<meta property=\"og:url\" content=\"https:\/\/arqco1816.com\/index.php\/servicios\/\" \/>\n<meta property=\"og:site_name\" content=\"Arqco\" \/>\n<meta property=\"article:modified_time\" content=\"2026-03-16T19:41:49+00:00\" \/>\n<meta property=\"og:image\" content=\"https:\/\/arqco1816.com\/wp-content\/uploads\/2025\/10\/Imagenes-web-1.png\" \/>\n\t<meta property=\"og:image:width\" content=\"1080\" \/>\n\t<meta property=\"og:image:height\" content=\"1080\" \/>\n\t<meta property=\"og:image:type\" content=\"image\/png\" \/>\n<meta name=\"twitter:card\" content=\"summary_large_image\" \/>\n<meta name=\"twitter:label1\" content=\"Tiempo de lectura\" \/>\n\t<meta name=\"twitter:data1\" content=\"1 minuto\" \/>\n<script type=\"application\/ld+json\" class=\"yoast-schema-graph\">{\"@context\":\"https:\/\/schema.org\",\"@graph\":[{\"@type\":\"WebPage\",\"@id\":\"https:\/\/arqco1816.com\/index.php\/servicios\/\",\"url\":\"https:\/\/arqco1816.com\/index.php\/servicios\/\",\"name\":\"Servicios - Arqco\",\"isPartOf\":{\"@id\":\"https:\/\/arqco1816.com\/#website\"},\"primaryImageOfPage\":{\"@id\":\"https:\/\/arqco1816.com\/index.php\/servicios\/#primaryimage\"},\"image\":{\"@id\":\"https:\/\/arqco1816.com\/index.php\/servicios\/#primaryimage\"},\"thumbnailUrl\":\"https:\/\/arqco1816.com\/wp-content\/uploads\/2025\/10\/Imagenes-web-1-1024x1024.png\",\"datePublished\":\"2025-10-07T19:46:46+00:00\",\"dateModified\":\"2026-03-16T19:41:49+00:00\",\"breadcrumb\":{\"@id\":\"https:\/\/arqco1816.com\/index.php\/servicios\/#breadcrumb\"},\"inLanguage\":\"es\",\"potentialAction\":[{\"@type\":\"ReadAction\",\"target\":[\"https:\/\/arqco1816.com\/index.php\/servicios\/\"]}]},{\"@type\":\"ImageObject\",\"inLanguage\":\"es\",\"@id\":\"https:\/\/arqco1816.com\/index.php\/servicios\/#primaryimage\",\"url\":\"https:\/\/arqco1816.com\/wp-content\/uploads\/2025\/10\/Imagenes-web-1.png\",\"contentUrl\":\"https:\/\/arqco1816.com\/wp-content\/uploads\/2025\/10\/Imagenes-web-1.png\",\"width\":1080,\"height\":1080},{\"@type\":\"BreadcrumbList\",\"@id\":\"https:\/\/arqco1816.com\/index.php\/servicios\/#breadcrumb\",\"itemListElement\":[{\"@type\":\"ListItem\",\"position\":1,\"name\":\"Portada\",\"item\":\"https:\/\/arqco1816.com\/\"},{\"@type\":\"ListItem\",\"position\":2,\"name\":\"Servicios\"}]},{\"@type\":\"WebSite\",\"@id\":\"https:\/\/arqco1816.com\/#website\",\"url\":\"https:\/\/arqco1816.com\/\",\"name\":\"Arqco\",\"description\":\"\",\"publisher\":{\"@id\":\"https:\/\/arqco1816.com\/#organization\"},\"potentialAction\":[{\"@type\":\"SearchAction\",\"target\":{\"@type\":\"EntryPoint\",\"urlTemplate\":\"https:\/\/arqco1816.com\/?s={search_term_string}\"},\"query-input\":{\"@type\":\"PropertyValueSpecification\",\"valueRequired\":true,\"valueName\":\"search_term_string\"}}],\"inLanguage\":\"es\"},{\"@type\":\"Organization\",\"@id\":\"https:\/\/arqco1816.com\/#organization\",\"name\":\"Arqco\",\"url\":\"https:\/\/arqco1816.com\/\",\"logo\":{\"@type\":\"ImageObject\",\"inLanguage\":\"es\",\"@id\":\"https:\/\/arqco1816.com\/#\/schema\/logo\/image\/\",\"url\":\"https:\/\/arqco1816.com\/wp-content\/uploads\/2025\/10\/Letras-scaled.png\",\"contentUrl\":\"https:\/\/arqco1816.com\/wp-content\/uploads\/2025\/10\/Letras-scaled.png\",\"width\":2560,\"height\":599,\"caption\":\"Arqco\"},\"image\":{\"@id\":\"https:\/\/arqco1816.com\/#\/schema\/logo\/image\/\"}}]}<\/script>\n<!-- \/ Yoast SEO plugin. -->","yoast_head_json":{"title":"Servicios - Arqco","robots":{"index":"index","follow":"follow","max-snippet":"max-snippet:-1","max-image-preview":"max-image-preview:large","max-video-preview":"max-video-preview:-1"},"canonical":"https:\/\/arqco1816.com\/index.php\/servicios\/","og_locale":"es_ES","og_type":"article","og_title":"Servicios - Arqco","og_description":"SERVICIOS Construcci\u00f3n Construcci\u00f3n Industrial, Comercial, Educativo, Institucional, P\u00fablica, Privada y Rehabilitaci\u00f3n y mantenimiento general. Desarrollo Habitacional Desarrollo habitacional p\u00fablico y [&hellip;]","og_url":"https:\/\/arqco1816.com\/index.php\/servicios\/","og_site_name":"Arqco","article_modified_time":"2026-03-16T19:41:49+00:00","og_image":[{"width":1080,"height":1080,"url":"https:\/\/arqco1816.com\/wp-content\/uploads\/2025\/10\/Imagenes-web-1.png","type":"image\/png"}],"twitter_card":"summary_large_image","twitter_misc":{"Tiempo de lectura":"1 minuto"},"schema":{"@context":"https:\/\/schema.org","@graph":[{"@type":"WebPage","@id":"https:\/\/arqco1816.com\/index.php\/servicios\/","url":"https:\/\/arqco1816.com\/index.php\/servicios\/","name":"Servicios - Arqco","isPartOf":{"@id":"https:\/\/arqco1816.com\/#website"},"primaryImageOfPage":{"@id":"https:\/\/arqco1816.com\/index.php\/servicios\/#primaryimage"},"image":{"@id":"https:\/\/arqco1816.com\/index.php\/servicios\/#primaryimage"},"thumbnailUrl":"https:\/\/arqco1816.com\/wp-content\/uploads\/2025\/10\/Imagenes-web-1-1024x1024.png","datePublished":"2025-10-07T19:46:46+00:00","dateModified":"2026-03-16T19:41:49+00:00","breadcrumb":{"@id":"https:\/\/arqco1816.com\/index.php\/servicios\/#breadcrumb"},"inLanguage":"es","potentialAction":[{"@type":"ReadAction","target":["https:\/\/arqco1816.com\/index.php\/servicios\/"]}]},{"@type":"ImageObject","inLanguage":"es","@id":"https:\/\/arqco1816.com\/index.php\/servicios\/#primaryimage","url":"https:\/\/arqco1816.com\/wp-content\/uploads\/2025\/10\/Imagenes-web-1.png","contentUrl":"https:\/\/arqco1816.com\/wp-content\/uploads\/2025\/10\/Imagenes-web-1.png","width":1080,"height":1080},{"@type":"BreadcrumbList","@id":"https:\/\/arqco1816.com\/index.php\/servicios\/#breadcrumb","itemListElement":[{"@type":"ListItem","position":1,"name":"Portada","item":"https:\/\/arqco1816.com\/"},{"@type":"ListItem","position":2,"name":"Servicios"}]},{"@type":"WebSite","@id":"https:\/\/arqco1816.com\/#website","url":"https:\/\/arqco1816.com\/","name":"Arqco","description":"","publisher":{"@id":"https:\/\/arqco1816.com\/#organization"},"potentialAction":[{"@type":"SearchAction","target":{"@type":"EntryPoint","urlTemplate":"https:\/\/arqco1816.com\/?s={search_term_string}"},"query-input":{"@type":"PropertyValueSpecification","valueRequired":true,"valueName":"search_term_string"}}],"inLanguage":"es"},{"@type":"Organization","@id":"https:\/\/arqco1816.com\/#organization","name":"Arqco","url":"https:\/\/arqco1816.com\/","logo":{"@type":"ImageObject","inLanguage":"es","@id":"https:\/\/arqco1816.com\/#\/schema\/logo\/image\/","url":"https:\/\/arqco1816.com\/wp-content\/uploads\/2025\/10\/Letras-scaled.png","contentUrl":"https:\/\/arqco1816.com\/wp-content\/uploads\/2025\/10\/Letras-scaled.png","width":2560,"height":599,"caption":"Arqco"},"image":{"@id":"https:\/\/arqco1816.com\/#\/schema\/logo\/image\/"}}]}},"_links":{"self":[{"href":"https:\/\/arqco1816.com\/index.php\/wp-json\/wp\/v2\/pages\/244","targetHints":{"allow":["GET"]}}],"collection":[{"href":"https:\/\/arqco1816.com\/index.php\/wp-json\/wp\/v2\/pages"}],"about":[{"href":"https:\/\/arqco1816.com\/index.php\/wp-json\/wp\/v2\/types\/page"}],"author":[{"embeddable":true,"href":"https:\/\/arqco1816.com\/index.php\/wp-json\/wp\/v2\/users\/1"}],"replies":[{"embeddable":true,"href":"https:\/\/arqco1816.com\/index.php\/wp-json\/wp\/v2\/comments?post=244"}],"version-history":[{"count":86,"href":"https:\/\/arqco1816.com\/index.php\/wp-json\/wp\/v2\/pages\/244\/revisions"}],"predecessor-version":[{"id":1422,"href":"https:\/\/arqco1816.com\/index.php\/wp-json\/wp\/v2\/pages\/244\/revisions\/1422"}],"wp:attachment":[{"href":"https:\/\/arqco1816.com\/index.php\/wp-json\/wp\/v2\/media?parent=244"}],"curies":[{"name":"wp","href":"https:\/\/api.w.org\/{rel}","templated":true}]}}